{"id":9666,"date":"2024-08-04T16:18:22","date_gmt":"2024-08-04T14:18:22","guid":{"rendered":"https:\/?page_id=9666"},"modified":"2026-03-02T15:29:06","modified_gmt":"2026-03-02T15:29:06","slug":"descubra-nuestra-historia-antigua","status":"publish","type":"page","link":"https:\/\/chateau-hautefort.com\/es\/decouvrez-notre-histoire-old\/","title":{"rendered":"La historia del antiguo castillo de Hautefort"},"content":{"rendered":"","protected":false},"excerpt":{"rendered":"","protected":false},"author":7,"featured_media":16765,"parent":0,"menu_order":0,"comment_status":"closed","ping_status":"closed","template":"","meta":{"_acf_changed":false,"_kad_post_transparent":"","_kad_post_title":"","_kad_post_layout":"","_kad_post_sidebar_id":"","_kad_post_content_style":"","_kad_post_vertical_padding":"","_kad_post_feature":"","_kad_post_feature_position":"","_kad_post_header":false,"_kad_post_footer":false,"_kad_post_classname":"","footnotes":""},"class_list":["post-9666","page","type-page","status-publish","has-post-thumbnail","hentry"],"acf":[],"yoast_head":"<!-- This site is optimized with the Yoast SEO plugin v27.2 - https:\/\/yoast.com\/product\/yoast-seo-wordpress\/ -->\n<title>D\u00e9couvrez notre histoire - Ch\u00e2teau de Hautefort<\/title>\n<meta name=\"description\" content=\"D\u00e9couvrez la naissance du ch\u00e2teau Hautefort, des origines m\u00e9di\u00e9vales \u00e0 son apog\u00e9e au 17\u00e8me si\u00e8cle. Un voyage captivant \u00e0 travers les si\u00e8cles.\" \/>\n<meta name=\"robots\" content=\"index, follow, max-snippet:-1, max-image-preview:large, max-video-preview:-1\" \/>\n<link rel=\"canonical\" href=\"https:\/\/chateau-hautefort.com\/es\/descubra-nuestra-historia-antigua\/\" \/>\n<meta property=\"og:locale\" content=\"es_ES\" \/>\n<meta property=\"og:type\" content=\"article\" \/>\n<meta property=\"og:title\" content=\"D\u00e9couvrez notre histoire - Ch\u00e2teau de Hautefort\" \/>\n<meta property=\"og:description\" content=\"D\u00e9couvrez la naissance du ch\u00e2teau Hautefort, des origines m\u00e9di\u00e9vales \u00e0 son apog\u00e9e au 17\u00e8me si\u00e8cle. Un voyage captivant \u00e0 travers les si\u00e8cles.\" \/>\n<meta property=\"og:url\" content=\"https:\/\/chateau-hautefort.com\/es\/descubra-nuestra-historia-antigua\/\" \/>\n<meta property=\"og:site_name\" content=\"Ch\u00e2teau de Hautefort en Dordogne\" \/>\n<meta property=\"article:modified_time\" content=\"2026-03-02T15:29:06+00:00\" \/>\n<meta property=\"og:image\" content=\"https:\/\/chateau-hautefort.com\/wp-content\/uploads\/2025\/04\/chateau_hautefort_histoire.webp\" \/>\n\t<meta property=\"og:image:width\" content=\"1600\" \/>\n\t<meta property=\"og:image:height\" content=\"600\" \/>\n\t<meta property=\"og:image:type\" content=\"image\/webp\" \/>\n<meta name=\"twitter:card\" content=\"summary_large_image\" \/>\n<meta name=\"twitter:label1\" content=\"Tiempo de lectura\" \/>\n\t<meta name=\"twitter:data1\" content=\"1 minuto\" \/>\n<script type=\"application\/ld+json\" class=\"yoast-schema-graph\">{\"@context\":\"https:\/\/schema.org\",\"@graph\":[{\"@type\":\"WebPage\",\"@id\":\"https:\/\/chateau-hautefort.com\/decouvrez-notre-histoire-old\/\",\"url\":\"https:\/\/chateau-hautefort.com\/decouvrez-notre-histoire-old\/\",\"name\":\"D\u00e9couvrez notre histoire - Ch\u00e2teau de Hautefort\",\"isPartOf\":{\"@id\":\"https:\/\/slateblue-grasshopper-165957.hostingersite.com\/#website\"},\"primaryImageOfPage\":{\"@id\":\"https:\/\/chateau-hautefort.com\/decouvrez-notre-histoire-old\/#primaryimage\"},\"image\":{\"@id\":\"https:\/\/chateau-hautefort.com\/decouvrez-notre-histoire-old\/#primaryimage\"},\"thumbnailUrl\":\"https:\/\/chateau-hautefort.com\/wp-content\/uploads\/2025\/04\/chateau_hautefort_histoire.webp\",\"datePublished\":\"2024-08-04T14:18:22+00:00\",\"dateModified\":\"2026-03-02T15:29:06+00:00\",\"description\":\"D\u00e9couvrez la naissance du ch\u00e2teau Hautefort, des origines m\u00e9di\u00e9vales \u00e0 son apog\u00e9e au 17\u00e8me si\u00e8cle. Un voyage captivant \u00e0 travers les si\u00e8cles.\",\"breadcrumb\":{\"@id\":\"https:\/\/chateau-hautefort.com\/decouvrez-notre-histoire-old\/#breadcrumb\"},\"inLanguage\":\"es\",\"potentialAction\":[{\"@type\":\"ReadAction\",\"target\":[\"https:\/\/chateau-hautefort.com\/decouvrez-notre-histoire-old\/\"]}]},{\"@type\":\"ImageObject\",\"inLanguage\":\"es\",\"@id\":\"https:\/\/chateau-hautefort.com\/decouvrez-notre-histoire-old\/#primaryimage\",\"url\":\"https:\/\/chateau-hautefort.com\/wp-content\/uploads\/2025\/04\/chateau_hautefort_histoire.webp\",\"contentUrl\":\"https:\/\/chateau-hautefort.com\/wp-content\/uploads\/2025\/04\/chateau_hautefort_histoire.webp\",\"width\":1600,\"height\":600,\"caption\":\"d\u00e9couvrez l'histoire embl\u00e9matique de ce lieu \u00e0 travers les si\u00e8cle\"},{\"@type\":\"BreadcrumbList\",\"@id\":\"https:\/\/chateau-hautefort.com\/decouvrez-notre-histoire-old\/#breadcrumb\",\"itemListElement\":[{\"@type\":\"ListItem\",\"position\":1,\"name\":\"Home\",\"item\":\"https:\/\/chateau-hautefort.com\/\"},{\"@type\":\"ListItem\",\"position\":2,\"name\":\"L&rsquo;histoire du ch\u00e2teau de hautefort old\"}]},{\"@type\":\"WebSite\",\"@id\":\"https:\/\/slateblue-grasshopper-165957.hostingersite.com\/#website\",\"url\":\"https:\/\/slateblue-grasshopper-165957.hostingersite.com\/\",\"name\":\"Ch\u00e2teau de Hautefort en Dordogne\",\"description\":\"Vivez la beaut\u00e9 !\",\"publisher\":{\"@id\":\"https:\/\/slateblue-grasshopper-165957.hostingersite.com\/#organization\"},\"potentialAction\":[{\"@type\":\"SearchAction\",\"target\":{\"@type\":\"EntryPoint\",\"urlTemplate\":\"https:\/\/slateblue-grasshopper-165957.hostingersite.com\/?s={search_term_string}\"},\"query-input\":{\"@type\":\"PropertyValueSpecification\",\"valueRequired\":true,\"valueName\":\"search_term_string\"}}],\"inLanguage\":\"es\"},{\"@type\":\"Organization\",\"@id\":\"https:\/\/slateblue-grasshopper-165957.hostingersite.com\/#organization\",\"name\":\"Ch\u00e2teau de Hautefort en Dordogne\",\"url\":\"https:\/\/slateblue-grasshopper-165957.hostingersite.com\/\",\"logo\":{\"@type\":\"ImageObject\",\"inLanguage\":\"es\",\"@id\":\"https:\/\/slateblue-grasshopper-165957.hostingersite.com\/#\/schema\/logo\/image\/\",\"url\":\"https:\/\/chateau-hautefort.com\/wp-content\/uploads\/2026\/02\/armoirie-blanche.webp\",\"contentUrl\":\"https:\/\/chateau-hautefort.com\/wp-content\/uploads\/2026\/02\/armoirie-blanche.webp\",\"width\":309,\"height\":249,\"caption\":\"Ch\u00e2teau de Hautefort en Dordogne\"},\"image\":{\"@id\":\"https:\/\/slateblue-grasshopper-165957.hostingersite.com\/#\/schema\/logo\/image\/\"}}]}<\/script>\n<!-- \/ Yoast SEO plugin. -->","yoast_head_json":{"title":"Descubra nuestra historia - Ch\u00e2teau de Hautefort","description":"Descubra el nacimiento del castillo de Hautefort, desde sus or\u00edgenes medievales hasta su apogeo en el siglo XVII. Un cautivador viaje a trav\u00e9s de los siglos.","robots":{"index":"index","follow":"follow","max-snippet":"max-snippet:-1","max-image-preview":"max-image-preview:large","max-video-preview":"max-video-preview:-1"},"canonical":"https:\/\/chateau-hautefort.com\/es\/descubra-nuestra-historia-antigua\/","og_locale":"es_ES","og_type":"article","og_title":"D\u00e9couvrez notre histoire - Ch\u00e2teau de Hautefort","og_description":"D\u00e9couvrez la naissance du ch\u00e2teau Hautefort, des origines m\u00e9di\u00e9vales \u00e0 son apog\u00e9e au 17\u00e8me si\u00e8cle. Un voyage captivant \u00e0 travers les si\u00e8cles.","og_url":"https:\/\/chateau-hautefort.com\/es\/descubra-nuestra-historia-antigua\/","og_site_name":"Ch\u00e2teau de Hautefort en Dordogne","article_modified_time":"2026-03-02T15:29:06+00:00","og_image":[{"width":1600,"height":600,"url":"https:\/\/chateau-hautefort.com\/wp-content\/uploads\/2025\/04\/chateau_hautefort_histoire.webp","type":"image\/webp"}],"twitter_card":"summary_large_image","twitter_misc":{"Tiempo de lectura":"1 minuto"},"schema":{"@context":"https:\/\/schema.org","@graph":[{"@type":"WebPage","@id":"https:\/\/chateau-hautefort.com\/decouvrez-notre-histoire-old\/","url":"https:\/\/chateau-hautefort.com\/decouvrez-notre-histoire-old\/","name":"Descubra nuestra historia - Ch\u00e2teau de Hautefort","isPartOf":{"@id":"https:\/\/slateblue-grasshopper-165957.hostingersite.com\/#website"},"primaryImageOfPage":{"@id":"https:\/\/chateau-hautefort.com\/decouvrez-notre-histoire-old\/#primaryimage"},"image":{"@id":"https:\/\/chateau-hautefort.com\/decouvrez-notre-histoire-old\/#primaryimage"},"thumbnailUrl":"https:\/\/chateau-hautefort.com\/wp-content\/uploads\/2025\/04\/chateau_hautefort_histoire.webp","datePublished":"2024-08-04T14:18:22+00:00","dateModified":"2026-03-02T15:29:06+00:00","description":"Descubra el nacimiento del castillo de Hautefort, desde sus or\u00edgenes medievales hasta su apogeo en el siglo XVII. Un cautivador viaje a trav\u00e9s de los siglos.","breadcrumb":{"@id":"https:\/\/chateau-hautefort.com\/decouvrez-notre-histoire-old\/#breadcrumb"},"inLanguage":"es","potentialAction":[{"@type":"ReadAction","target":["https:\/\/chateau-hautefort.com\/decouvrez-notre-histoire-old\/"]}]},{"@type":"ImageObject","inLanguage":"es","@id":"https:\/\/chateau-hautefort.com\/decouvrez-notre-histoire-old\/#primaryimage","url":"https:\/\/chateau-hautefort.com\/wp-content\/uploads\/2025\/04\/chateau_hautefort_histoire.webp","contentUrl":"https:\/\/chateau-hautefort.com\/wp-content\/uploads\/2025\/04\/chateau_hautefort_histoire.webp","width":1600,"height":600,"caption":"d\u00e9couvrez l'histoire embl\u00e9matique de ce lieu \u00e0 travers les si\u00e8cle"},{"@type":"BreadcrumbList","@id":"https:\/\/chateau-hautefort.com\/decouvrez-notre-histoire-old\/#breadcrumb","itemListElement":[{"@type":"ListItem","position":1,"name":"Home","item":"https:\/\/chateau-hautefort.com\/"},{"@type":"ListItem","position":2,"name":"L&rsquo;histoire du ch\u00e2teau de hautefort old"}]},{"@type":"WebSite","@id":"https:\/\/slateblue-grasshopper-165957.hostingersite.com\/#website","url":"https:\/\/slateblue-grasshopper-165957.hostingersite.com\/","name":"Castillo de Hautefort en Dordo\u00f1a","description":"Experimente la belleza","publisher":{"@id":"https:\/\/slateblue-grasshopper-165957.hostingersite.com\/#organization"},"potentialAction":[{"@type":"SearchAction","target":{"@type":"EntryPoint","urlTemplate":"https:\/\/slateblue-grasshopper-165957.hostingersite.com\/?s={search_term_string}"},"query-input":{"@type":"PropertyValueSpecification","valueRequired":true,"valueName":"search_term_string"}}],"inLanguage":"es"},{"@type":"Organization","@id":"https:\/\/slateblue-grasshopper-165957.hostingersite.com\/#organization","name":"Castillo de Hautefort en Dordo\u00f1a","url":"https:\/\/slateblue-grasshopper-165957.hostingersite.com\/","logo":{"@type":"ImageObject","inLanguage":"es","@id":"https:\/\/slateblue-grasshopper-165957.hostingersite.com\/#\/schema\/logo\/image\/","url":"https:\/\/chateau-hautefort.com\/wp-content\/uploads\/2026\/02\/armoirie-blanche.webp","contentUrl":"https:\/\/chateau-hautefort.com\/wp-content\/uploads\/2026\/02\/armoirie-blanche.webp","width":309,"height":249,"caption":"Ch\u00e2teau de Hautefort en Dordogne"},"image":{"@id":"https:\/\/slateblue-grasshopper-165957.hostingersite.com\/#\/schema\/logo\/image\/"}}]}},"_links":{"self":[{"href":"https:\/\/chateau-hautefort.com\/es\/wp-json\/wp\/v2\/pages\/9666","targetHints":{"allow":["GET"]}}],"collection":[{"href":"https:\/\/chateau-hautefort.com\/es\/wp-json\/wp\/v2\/pages"}],"about":[{"href":"https:\/\/chateau-hautefort.com\/es\/wp-json\/wp\/v2\/types\/page"}],"author":[{"embeddable":true,"href":"https:\/\/chateau-hautefort.com\/es\/wp-json\/wp\/v2\/users\/7"}],"replies":[{"embeddable":true,"href":"https:\/\/chateau-hautefort.com\/es\/wp-json\/wp\/v2\/comments?post=9666"}],"version-history":[{"count":37,"href":"https:\/\/chateau-hautefort.com\/es\/wp-json\/wp\/v2\/pages\/9666\/revisions"}],"predecessor-version":[{"id":18868,"href":"https:\/\/chateau-hautefort.com\/es\/wp-json\/wp\/v2\/pages\/9666\/revisions\/18868"}],"wp:featuredmedia":[{"embeddable":true,"href":"https:\/\/chateau-hautefort.com\/es\/wp-json\/wp\/v2\/media\/16765"}],"wp:attachment":[{"href":"https:\/\/chateau-hautefort.com\/es\/wp-json\/wp\/v2\/media?parent=9666"}],"curies":[{"name":"wp","href":"https:\/\/api.w.org\/{rel}","templated":true}]}}