{"id":8129,"date":"2024-07-29T22:36:11","date_gmt":"2024-07-29T20:36:11","guid":{"rendered":"https:\/?page_id=8129"},"modified":"2025-07-14T10:40:09","modified_gmt":"2025-07-14T10:40:09","slug":"baronesa-de-bastard-hautefort","status":"publish","type":"page","link":"https:\/\/chateau-hautefort.com\/es\/baronne-de-bastard-hautefort\/","title":{"rendered":"La Baronesa de Bastard"},"content":{"rendered":"<h2>La Baronesa de Bastard<\/h2>\n<h1>Amor a primera vista... para Hautefort<\/h1>\n<p>En 1929, fue el amor a primera vista lo que salv\u00f3 el Hautefort, con la llegada del bar\u00f3n Henry de Bastard y su esposa Simone. Fascinados por el lugar y su historia, devolvieron la vida a la casa y sus jardines. Sola tras la muerte de su marido en 1957, la baronesa termin\u00f3 las obras y se instal\u00f3 en el castillo en 1965. Sin embargo, la noche del 30 al 31 de agosto de 1968 asisti\u00f3 impotente al incendio del edificio principal del castillo.<\/p>\n<p>\t\t\t\t\t\t\t\t\t\t\t\t\t\t\t<img loading=\"lazy\" decoding=\"async\" width=\"760\" height=\"944\" src=\"https:\/\/chateau-hautefort.com\/wp-content\/uploads\/2021\/01\/baronne.webp\" alt=\"\" srcset=\"http:\/\/chateau-hautefort.com\/wp-content\/uploads\/2021\/01\/baronne.jpg 760w, http:\/\/chateau-hautefort.com\/wp-content\/uploads\/2021\/01\/baronne-242x300.jpg 242w, http:\/\/chateau-hautefort.com\/wp-content\/uploads\/2021\/01\/baronne-568x705.jpg 568w, http:\/\/chateau-hautefort.com\/wp-content\/uploads\/2021\/01\/baronne-450x559.jpg 450w\" sizes=\"auto, (max-width: 760px) 100vw, 760px\" \/><br \/>\n\t\t\t\t\t\t\t\t\t\t\t\t\t\t\t<img loading=\"lazy\" decoding=\"async\" width=\"800\" height=\"537\" src=\"http:\/\/chateau-hautefort.com\/wp-content\/uploads\/2021\/01\/reine-m\u00e8re-2-1030x692.jpg\" alt=\"baronesa de hautefort reina madre\" srcset=\"http:\/\/chateau-hautefort.com\/wp-content\/uploads\/2021\/01\/reine-m\u00e8re-2-1030x692.jpg 1030w, http:\/\/chateau-hautefort.com\/wp-content\/uploads\/2021\/01\/reine-m\u00e8re-2-300x201.jpg 300w, http:\/\/chateau-hautefort.com\/wp-content\/uploads\/2021\/01\/reine-m\u00e8re-2-768x516.jpg 768w, http:\/\/chateau-hautefort.com\/wp-content\/uploads\/2021\/01\/reine-m\u00e8re-2-705x473.jpg 705w, http:\/\/chateau-hautefort.com\/wp-content\/uploads\/2021\/01\/reine-m\u00e8re-2-450x302.jpg 450w, http:\/\/chateau-hautefort.com\/wp-content\/uploads\/2021\/01\/reine-m\u00e8re-2.jpg 1482w\" sizes=\"auto, (max-width: 800px) 100vw, 800px\" \/>\t\t\t\t\t\t\t\t\t\t\t\t\t\t\t<\/p>\n<h3>Determinaci\u00f3n inquebrantable<\/h3>\n<section>\n<p>Al d\u00eda siguiente, la baronesa de Bastard decide restaurar de nuevo su castillo. Conmovidos por su pasi\u00f3n y su determinaci\u00f3n, todos se movilizaron para ayudarla y animarla, desde los habitantes del pueblo hasta personalidades de la \u00e9poca como Pierre de Lagarde y Andr\u00e9 Malraux. Una multitud de nuevos entusiastas, an\u00f3nimos y conocidos, contribuyeron a salvar uno de los monumentos m\u00e1s prestigiosos del suroeste de Francia.<\/p>\n<\/section>\n<p>\u00a0\t\t<\/p>\n<h1>Mecenazgo David-Weill<\/h1>\n<p>Para preservar este importante patrimonio, la Baronesa cre\u00f3 la Fondation du ch\u00e2teau de Hautefort, reconocida de utilidad p\u00fablica en 1990. El mecenazgo de Michel David-Weill, sobrino de la Baronesa de Bastard, y de su esposa H\u00e9l\u00e8ne, ambos grandes coleccionistas, fue decisivo para la restauraci\u00f3n y conservaci\u00f3n del Hautefort.<\/p>\n<p>\t\t\t\t\t\t\t\t\t\t\t\t\t\t\t<img loading=\"lazy\" decoding=\"async\" width=\"715\" height=\"1030\" src=\"https:\/\/chateau-hautefort.com\/wp-content\/uploads\/2021\/02\/MHDavid-Weill-715x1030.jpg\" alt=\"david weill\" srcset=\"http:\/\/chateau-hautefort.com\/wp-content\/uploads\/2021\/02\/MHDavid-Weill-715x1030.jpg 715w, http:\/\/chateau-hautefort.com\/wp-content\/uploads\/2021\/02\/MHDavid-Weill-208x300.jpg 208w, http:\/\/chateau-hautefort.com\/wp-content\/uploads\/2021\/02\/MHDavid-Weill-490x705.jpg 490w, http:\/\/chateau-hautefort.com\/wp-content\/uploads\/2021\/02\/MHDavid-Weill-450x648.jpg 450w, http:\/\/chateau-hautefort.com\/wp-content\/uploads\/2021\/02\/MHDavid-Weill.jpg 764w\" sizes=\"auto, (max-width: 715px) 100vw, 715px\" \/><\/p>","protected":false},"excerpt":{"rendered":"<p>La Baronne de Bastard Coup de foudre&#8230; pour Hautefort En 1929, un coup de foudre va sauver Hautefort, avec l\u2019arriv\u00e9e&#8230;<\/p>","protected":false},"author":7,"featured_media":0,"parent":0,"menu_order":0,"comment_status":"closed","ping_status":"closed","template":"","meta":{"_acf_changed":false,"_kad_post_transparent":"","_kad_post_title":"","_kad_post_layout":"","_kad_post_sidebar_id":"","_kad_post_content_style":"","_kad_post_vertical_padding":"","_kad_post_feature":"","_kad_post_feature_position":"","_kad_post_header":false,"_kad_post_footer":false,"_kad_post_classname":"","footnotes":""},"class_list":["post-8129","page","type-page","status-publish","hentry"],"acf":[],"yoast_head":"<!-- This site is optimized with the Yoast SEO plugin v27.2 - https:\/\/yoast.com\/product\/yoast-seo-wordpress\/ -->\n<title>La Baronne de Bastard - Ch\u00e2teau de Hautefort<\/title>\n<meta name=\"description\" content=\"D\u00e9couvrez l&#039;histoire de la Baronne de Bastard, qui a sauv\u00e9 le Ch\u00e2teau de Hautefort apr\u00e8s l&#039;incendie de 1968. Son d\u00e9vouement et le m\u00e9c\u00e9nat ont pr\u00e9serv\u00e9 ce patrimoine.\" \/>\n<meta name=\"robots\" content=\"index, follow, max-snippet:-1, max-image-preview:large, max-video-preview:-1\" \/>\n<link rel=\"canonical\" href=\"https:\/\/chateau-hautefort.com\/es\/baronesa-de-bastard-hautefort\/\" \/>\n<meta property=\"og:locale\" content=\"es_ES\" \/>\n<meta property=\"og:type\" content=\"article\" \/>\n<meta property=\"og:title\" content=\"La Baronne de Bastard - Ch\u00e2teau de Hautefort\" \/>\n<meta property=\"og:description\" content=\"D\u00e9couvrez l&#039;histoire de la Baronne de Bastard, qui a sauv\u00e9 le Ch\u00e2teau de Hautefort apr\u00e8s l&#039;incendie de 1968. Son d\u00e9vouement et le m\u00e9c\u00e9nat ont pr\u00e9serv\u00e9 ce patrimoine.\" \/>\n<meta property=\"og:url\" content=\"https:\/\/chateau-hautefort.com\/es\/baronesa-de-bastard-hautefort\/\" \/>\n<meta property=\"og:site_name\" content=\"Ch\u00e2teau de Hautefort en Dordogne\" \/>\n<meta property=\"article:modified_time\" content=\"2025-07-14T10:40:09+00:00\" \/>\n<meta property=\"og:image\" content=\"https:\/\/chateau-hautefort.com\/wp-content\/uploads\/2021\/01\/baronne.webp\" \/>\n<meta name=\"twitter:card\" content=\"summary_large_image\" \/>\n<meta name=\"twitter:label1\" content=\"Tiempo de lectura\" \/>\n\t<meta name=\"twitter:data1\" content=\"2 minutos\" \/>\n<script type=\"application\/ld+json\" class=\"yoast-schema-graph\">{\"@context\":\"https:\/\/schema.org\",\"@graph\":[{\"@type\":\"WebPage\",\"@id\":\"https:\/\/chateau-hautefort.com\/baronne-de-bastard-hautefort\/\",\"url\":\"https:\/\/chateau-hautefort.com\/baronne-de-bastard-hautefort\/\",\"name\":\"La Baronne de Bastard - Ch\u00e2teau de Hautefort\",\"isPartOf\":{\"@id\":\"https:\/\/slateblue-grasshopper-165957.hostingersite.com\/#website\"},\"primaryImageOfPage\":{\"@id\":\"https:\/\/chateau-hautefort.com\/baronne-de-bastard-hautefort\/#primaryimage\"},\"image\":{\"@id\":\"https:\/\/chateau-hautefort.com\/baronne-de-bastard-hautefort\/#primaryimage\"},\"thumbnailUrl\":\"https:\/\/chateau-hautefort.com\/wp-content\/uploads\/2021\/01\/baronne.webp\",\"datePublished\":\"2024-07-29T20:36:11+00:00\",\"dateModified\":\"2025-07-14T10:40:09+00:00\",\"description\":\"D\u00e9couvrez l'histoire de la Baronne de Bastard, qui a sauv\u00e9 le Ch\u00e2teau de Hautefort apr\u00e8s l'incendie de 1968. Son d\u00e9vouement et le m\u00e9c\u00e9nat ont pr\u00e9serv\u00e9 ce patrimoine.\",\"breadcrumb\":{\"@id\":\"https:\/\/chateau-hautefort.com\/baronne-de-bastard-hautefort\/#breadcrumb\"},\"inLanguage\":\"es\",\"potentialAction\":[{\"@type\":\"ReadAction\",\"target\":[\"https:\/\/chateau-hautefort.com\/baronne-de-bastard-hautefort\/\"]}]},{\"@type\":\"ImageObject\",\"inLanguage\":\"es\",\"@id\":\"https:\/\/chateau-hautefort.com\/baronne-de-bastard-hautefort\/#primaryimage\",\"url\":\"https:\/\/chateau-hautefort.com\/wp-content\/uploads\/2021\/01\/baronne.webp\",\"contentUrl\":\"https:\/\/chateau-hautefort.com\/wp-content\/uploads\/2021\/01\/baronne.webp\"},{\"@type\":\"BreadcrumbList\",\"@id\":\"https:\/\/chateau-hautefort.com\/baronne-de-bastard-hautefort\/#breadcrumb\",\"itemListElement\":[{\"@type\":\"ListItem\",\"position\":1,\"name\":\"Home\",\"item\":\"https:\/\/chateau-hautefort.com\/\"},{\"@type\":\"ListItem\",\"position\":2,\"name\":\"La Baronne de Bastard\"}]},{\"@type\":\"WebSite\",\"@id\":\"https:\/\/slateblue-grasshopper-165957.hostingersite.com\/#website\",\"url\":\"https:\/\/slateblue-grasshopper-165957.hostingersite.com\/\",\"name\":\"Ch\u00e2teau de Hautefort en Dordogne\",\"description\":\"Vivez la beaut\u00e9 !\",\"publisher\":{\"@id\":\"https:\/\/slateblue-grasshopper-165957.hostingersite.com\/#organization\"},\"potentialAction\":[{\"@type\":\"SearchAction\",\"target\":{\"@type\":\"EntryPoint\",\"urlTemplate\":\"https:\/\/slateblue-grasshopper-165957.hostingersite.com\/?s={search_term_string}\"},\"query-input\":{\"@type\":\"PropertyValueSpecification\",\"valueRequired\":true,\"valueName\":\"search_term_string\"}}],\"inLanguage\":\"es\"},{\"@type\":\"Organization\",\"@id\":\"https:\/\/slateblue-grasshopper-165957.hostingersite.com\/#organization\",\"name\":\"Ch\u00e2teau de Hautefort en Dordogne\",\"url\":\"https:\/\/slateblue-grasshopper-165957.hostingersite.com\/\",\"logo\":{\"@type\":\"ImageObject\",\"inLanguage\":\"es\",\"@id\":\"https:\/\/slateblue-grasshopper-165957.hostingersite.com\/#\/schema\/logo\/image\/\",\"url\":\"https:\/\/chateau-hautefort.com\/wp-content\/uploads\/2026\/02\/armoirie-blanche.webp\",\"contentUrl\":\"https:\/\/chateau-hautefort.com\/wp-content\/uploads\/2026\/02\/armoirie-blanche.webp\",\"width\":309,\"height\":249,\"caption\":\"Ch\u00e2teau de Hautefort en Dordogne\"},\"image\":{\"@id\":\"https:\/\/slateblue-grasshopper-165957.hostingersite.com\/#\/schema\/logo\/image\/\"}}]}<\/script>\n<!-- \/ Yoast SEO plugin. -->","yoast_head_json":{"title":"La Baronne de Bastard - Castillo de Hautefort","description":"Descubra la historia de la Baronesa de Bastard, que salv\u00f3 el castillo de Hautefort tras su incendio en 1968. Su dedicaci\u00f3n y mecenazgo han preservado este patrimonio.","robots":{"index":"index","follow":"follow","max-snippet":"max-snippet:-1","max-image-preview":"max-image-preview:large","max-video-preview":"max-video-preview:-1"},"canonical":"https:\/\/chateau-hautefort.com\/es\/baronesa-de-bastard-hautefort\/","og_locale":"es_ES","og_type":"article","og_title":"La Baronne de Bastard - Ch\u00e2teau de Hautefort","og_description":"D\u00e9couvrez l'histoire de la Baronne de Bastard, qui a sauv\u00e9 le Ch\u00e2teau de Hautefort apr\u00e8s l'incendie de 1968. Son d\u00e9vouement et le m\u00e9c\u00e9nat ont pr\u00e9serv\u00e9 ce patrimoine.","og_url":"https:\/\/chateau-hautefort.com\/es\/baronesa-de-bastard-hautefort\/","og_site_name":"Ch\u00e2teau de Hautefort en Dordogne","article_modified_time":"2025-07-14T10:40:09+00:00","og_image":[{"url":"https:\/\/chateau-hautefort.com\/wp-content\/uploads\/2021\/01\/baronne.webp","type":"","width":"","height":""}],"twitter_card":"summary_large_image","twitter_misc":{"Tiempo de lectura":"2 minutos"},"schema":{"@context":"https:\/\/schema.org","@graph":[{"@type":"WebPage","@id":"https:\/\/chateau-hautefort.com\/baronne-de-bastard-hautefort\/","url":"https:\/\/chateau-hautefort.com\/baronne-de-bastard-hautefort\/","name":"La Baronne de Bastard - Castillo de Hautefort","isPartOf":{"@id":"https:\/\/slateblue-grasshopper-165957.hostingersite.com\/#website"},"primaryImageOfPage":{"@id":"https:\/\/chateau-hautefort.com\/baronne-de-bastard-hautefort\/#primaryimage"},"image":{"@id":"https:\/\/chateau-hautefort.com\/baronne-de-bastard-hautefort\/#primaryimage"},"thumbnailUrl":"https:\/\/chateau-hautefort.com\/wp-content\/uploads\/2021\/01\/baronne.webp","datePublished":"2024-07-29T20:36:11+00:00","dateModified":"2025-07-14T10:40:09+00:00","description":"Descubra la historia de la Baronesa de Bastard, que salv\u00f3 el castillo de Hautefort tras su incendio en 1968. Su dedicaci\u00f3n y mecenazgo han preservado este patrimonio.","breadcrumb":{"@id":"https:\/\/chateau-hautefort.com\/baronne-de-bastard-hautefort\/#breadcrumb"},"inLanguage":"es","potentialAction":[{"@type":"ReadAction","target":["https:\/\/chateau-hautefort.com\/baronne-de-bastard-hautefort\/"]}]},{"@type":"ImageObject","inLanguage":"es","@id":"https:\/\/chateau-hautefort.com\/baronne-de-bastard-hautefort\/#primaryimage","url":"https:\/\/chateau-hautefort.com\/wp-content\/uploads\/2021\/01\/baronne.webp","contentUrl":"https:\/\/chateau-hautefort.com\/wp-content\/uploads\/2021\/01\/baronne.webp"},{"@type":"BreadcrumbList","@id":"https:\/\/chateau-hautefort.com\/baronne-de-bastard-hautefort\/#breadcrumb","itemListElement":[{"@type":"ListItem","position":1,"name":"Home","item":"https:\/\/chateau-hautefort.com\/"},{"@type":"ListItem","position":2,"name":"La Baronne de Bastard"}]},{"@type":"WebSite","@id":"https:\/\/slateblue-grasshopper-165957.hostingersite.com\/#website","url":"https:\/\/slateblue-grasshopper-165957.hostingersite.com\/","name":"Castillo de Hautefort en Dordo\u00f1a","description":"Experimente la belleza","publisher":{"@id":"https:\/\/slateblue-grasshopper-165957.hostingersite.com\/#organization"},"potentialAction":[{"@type":"SearchAction","target":{"@type":"EntryPoint","urlTemplate":"https:\/\/slateblue-grasshopper-165957.hostingersite.com\/?s={search_term_string}"},"query-input":{"@type":"PropertyValueSpecification","valueRequired":true,"valueName":"search_term_string"}}],"inLanguage":"es"},{"@type":"Organization","@id":"https:\/\/slateblue-grasshopper-165957.hostingersite.com\/#organization","name":"Castillo de Hautefort en Dordo\u00f1a","url":"https:\/\/slateblue-grasshopper-165957.hostingersite.com\/","logo":{"@type":"ImageObject","inLanguage":"es","@id":"https:\/\/slateblue-grasshopper-165957.hostingersite.com\/#\/schema\/logo\/image\/","url":"https:\/\/chateau-hautefort.com\/wp-content\/uploads\/2026\/02\/armoirie-blanche.webp","contentUrl":"https:\/\/chateau-hautefort.com\/wp-content\/uploads\/2026\/02\/armoirie-blanche.webp","width":309,"height":249,"caption":"Ch\u00e2teau de Hautefort en Dordogne"},"image":{"@id":"https:\/\/slateblue-grasshopper-165957.hostingersite.com\/#\/schema\/logo\/image\/"}}]}},"_links":{"self":[{"href":"https:\/\/chateau-hautefort.com\/es\/wp-json\/wp\/v2\/pages\/8129","targetHints":{"allow":["GET"]}}],"collection":[{"href":"https:\/\/chateau-hautefort.com\/es\/wp-json\/wp\/v2\/pages"}],"about":[{"href":"https:\/\/chateau-hautefort.com\/es\/wp-json\/wp\/v2\/types\/page"}],"author":[{"embeddable":true,"href":"https:\/\/chateau-hautefort.com\/es\/wp-json\/wp\/v2\/users\/7"}],"replies":[{"embeddable":true,"href":"https:\/\/chateau-hautefort.com\/es\/wp-json\/wp\/v2\/comments?post=8129"}],"version-history":[{"count":1,"href":"https:\/\/chateau-hautefort.com\/es\/wp-json\/wp\/v2\/pages\/8129\/revisions"}],"predecessor-version":[{"id":18088,"href":"https:\/\/chateau-hautefort.com\/es\/wp-json\/wp\/v2\/pages\/8129\/revisions\/18088"}],"wp:attachment":[{"href":"https:\/\/chateau-hautefort.com\/es\/wp-json\/wp\/v2\/media?parent=8129"}],"curies":[{"name":"wp","href":"https:\/\/api.w.org\/{rel}","templated":true}]}}