{"id":7234,"date":"2024-07-18T17:06:27","date_gmt":"2024-07-18T15:06:27","guid":{"rendered":"https:\/?page_id=7234"},"modified":"2026-03-02T15:25:30","modified_gmt":"2026-03-02T15:25:30","slug":"el-antiguo-parque-ajardinado","status":"publish","type":"page","link":"https:\/\/chateau-hautefort.com\/es\/merci_de_votre_visite\/le-parc-paysager-old\/","title":{"rendered":"Jardines del castillo de Hautefort"},"content":{"rendered":"<h1>El parque paisaj\u00edstico <br \/>en el jard\u00edn ingl\u00e9s del castillo<\/h1>\n<h2>Descubra uno de los parques m\u00e1s bonitos para visitar en Dordogne<\/h2>\n<p>\u00a0<\/p>\n<p>El parque ingl\u00e9s naci\u00f3 en el siglo XVIII bajo la influencia de fil\u00f3sofos y artistas como el poeta Alexander Pope, que abogaban por una vuelta a la naturaleza salvaje y po\u00e9tica. En Hautefort, \u00a1podr\u00e1 disfrutar de m\u00e1s de 30 hect\u00e1reas de ella!<\/p>\n<h3>Dise\u00f1ado por el arquitecto paisajista Choulot<br \/>\n<\/h3>\n<p>Choulot elimina el parque a la francesa del siglo XVII<sup>th<\/sup>&nbsp;En el siglo XIX, el castillo se convirti\u00f3 en un parque de estilo ingl\u00e9s, jalonado por numerosas fabriques, hoy desaparecidas. Este entorno verde es una prolongaci\u00f3n de la visita, tras el descubrimiento de los pisos y jardines.<\/p>\n<p>\t\t\t\t\t\t\t\t\t\t\t\t\t\t\t<img loading=\"lazy\" decoding=\"async\" width=\"800\" height=\"534\" src=\"https:\/\/chateau-hautefort.com\/wp-content\/uploads\/2025\/01\/parc-paysager-dordogne-perigord-1030x687.webp\" alt=\"parque paisaj\u00edstico chateau perigord\" srcset=\"http:\/\/chateau-hautefort.com\/wp-content\/uploads\/2025\/01\/parc-paysager-dordogne-perigord-1030x687.webp 1030w, http:\/\/chateau-hautefort.com\/wp-content\/uploads\/2025\/01\/parc-paysager-dordogne-perigord-300x200.webp 300w, http:\/\/chateau-hautefort.com\/wp-content\/uploads\/2025\/01\/parc-paysager-dordogne-perigord-768x512.webp 768w, http:\/\/chateau-hautefort.com\/wp-content\/uploads\/2025\/01\/parc-paysager-dordogne-perigord.webp 1280w\" sizes=\"auto, (max-width: 800px) 100vw, 800px\" \/>\t\t\t\t\t\t\t\t\t\t\t\t\t\t\t<\/p>\n<h3>Un parque ajardinado para pasear y relajarse<\/h3>\n<p>Los terrenos ajardinados del ch\u00e2teau de Hautefort son ideales para relajarse y jugar, con vistas variadas sobre la campi\u00f1a y los pueblos de los alrededores, parterres de flores, senderos sombreados y \u00e1rboles notables, como el majestuoso Cedro del L\u00edbano.<\/p>\n<p>\t\t\t\t\t\t\t\t\t\t\t\t\t\t\t<img loading=\"lazy\" decoding=\"async\" width=\"800\" height=\"758\" src=\"https:\/\/chateau-hautefort.com\/wp-content\/uploads\/2025\/01\/DSCF6155-4-scaled-e1723304745325-1030x976.webp\" alt=\"parque paisaj\u00edstico castillo de la dordo\u00f1a\" srcset=\"http:\/\/chateau-hautefort.com\/wp-content\/uploads\/2025\/01\/DSCF6155-4-scaled-e1723304745325-1030x976.webp 1030w, http:\/\/chateau-hautefort.com\/wp-content\/uploads\/2025\/01\/DSCF6155-4-scaled-e1723304745325-300x284.webp 300w, http:\/\/chateau-hautefort.com\/wp-content\/uploads\/2025\/01\/DSCF6155-4-scaled-e1723304745325-768x728.webp 768w, http:\/\/chateau-hautefort.com\/wp-content\/uploads\/2025\/01\/DSCF6155-4-scaled-e1723304745325-1536x1455.webp 1536w, http:\/\/chateau-hautefort.com\/wp-content\/uploads\/2025\/01\/DSCF6155-4-scaled-e1723304745325.webp 1600w\" sizes=\"auto, (max-width: 800px) 100vw, 800px\" \/>\t\t\t\t\t\t\t\t\t\t\t\t\t\t\t<\/p>\n<h3>La p\u00e9rgola de tuyas<\/h3>\n<p>La p\u00e9rgola de cedro canadiense se plant\u00f3 aqu\u00ed en 1950, a instancias de la baronesa de Bastard. A la sombra de este ins\u00f3lito t\u00fanel vegetal que se extiende sobre<br \/>Con sus casi 70 metros de altura, siempre es un buen lugar para refrescarse. Las aberturas que jalonan la p\u00e9rgola recuerdan la arquitectura de la galer\u00eda principal, con sus elegantes arcadas. Junto a ella, en la explanada, un gran parterre de boj sustituye a las antiguas dependencias destruidas a finales del siglo XIX.<\/p>\n<p>\t\t\t\t\t\t\t\t\t\t\t\t\t\t\t<img loading=\"lazy\" decoding=\"async\" width=\"800\" height=\"533\" src=\"https:\/\/chateau-hautefort.com\/wp-content\/uploads\/2025\/03\/Chateau-hautefort-2025-201-1030x686.jpg\" alt=\"p\u00e9rgolas de tuyas chateau de Hautefort parque paisaj\u00edstico\" srcset=\"http:\/\/chateau-hautefort.com\/wp-content\/uploads\/2025\/03\/Chateau-hautefort-2025-201-1030x686.jpg 1030w, http:\/\/chateau-hautefort.com\/wp-content\/uploads\/2025\/03\/Chateau-hautefort-2025-201-300x200.jpg 300w, http:\/\/chateau-hautefort.com\/wp-content\/uploads\/2025\/03\/Chateau-hautefort-2025-201-768x512.jpg 768w, http:\/\/chateau-hautefort.com\/wp-content\/uploads\/2025\/03\/Chateau-hautefort-2025-201-1536x1024.jpg 1536w, http:\/\/chateau-hautefort.com\/wp-content\/uploads\/2025\/03\/Chateau-hautefort-2025-201.jpg 2048w\" sizes=\"auto, (max-width: 800px) 100vw, 800px\" \/><br \/>\n\t\t\t\t\t\t\t\t\t\t\t\t\t\t\t<img loading=\"lazy\" decoding=\"async\" width=\"2218\" height=\"900\" src=\"https:\/\/chateau-hautefort.com\/wp-content\/uploads\/2025\/03\/chateau_hautefort_jardin.webp\" alt=\"\" srcset=\"http:\/\/chateau-hautefort.com\/wp-content\/uploads\/2025\/03\/chateau_hautefort_jardin.png 2218w, http:\/\/chateau-hautefort.com\/wp-content\/uploads\/2025\/03\/chateau_hautefort_jardin-300x122.png 300w, http:\/\/chateau-hautefort.com\/wp-content\/uploads\/2025\/03\/chateau_hautefort_jardin-1030x418.png 1030w, http:\/\/chateau-hautefort.com\/wp-content\/uploads\/2025\/03\/chateau_hautefort_jardin-768x312.png 768w, http:\/\/chateau-hautefort.com\/wp-content\/uploads\/2025\/03\/chateau_hautefort_jardin-1536x623.png 1536w, http:\/\/chateau-hautefort.com\/wp-content\/uploads\/2025\/03\/chateau_hautefort_jardin-2048x831.png 2048w\" sizes=\"auto, (max-width: 2218px) 100vw, 2218px\" \/>\t\t\t\t\t\t\t\t\t\t\t\t\t\t\t<\/p>\n<h2>Descubrir el dominio de Hautefort<\/h2>\n<h3>Parques y castillos que visitar en Dordo\u00f1a<\/h3>\n<figure><img loading=\"lazy\" decoding=\"async\" width=\"487\" height=\"404\" src=\"https:\/\/chateau-hautefort.com\/wp-content\/uploads\/2024\/08\/Rectangle-19319-1-e1724159659302.webp\" alt=\"castillo en la dordo\u00f1a\" \/><\/figure>\n<h4>El castillo<\/h4>\n<figure><img loading=\"lazy\" decoding=\"async\" width=\"592\" height=\"491\" src=\"https:\/\/chateau-hautefort.com\/wp-content\/uploads\/2025\/01\/Group-114-e1724159813340.webp\" alt=\"castillo para visitar jardines de la dordo\u00f1a\" \/><\/figure>\n<h4>Los jardines<\/h4>\n<figure><img loading=\"lazy\" decoding=\"async\" width=\"487\" height=\"404\" src=\"https:\/\/chateau-hautefort.com\/wp-content\/uploads\/2024\/08\/Rectangle-19320-e1724159683616.webp\" alt=\"\" \/><\/figure>\n<h4>El parque ingl\u00e9s<\/h4>\n<figure><img loading=\"lazy\" decoding=\"async\" width=\"974\" height=\"808\" src=\"https:\/\/chateau-hautefort.com\/wp-content\/uploads\/2025\/01\/Rectangle-11-1-1-e1724159739894.webp\" alt=\"visitar chateau dordogne\" \/><\/figure>\n<h4>Entretenimiento<\/h4>\n<h2>Prepare su visita<\/h2>\n<p>Entradas<\/p>\n<p>Reserve sus entradas en l\u00ednea para evitar esperas en taquilla y aproveche todas nuestras ofertas especiales<\/p>\n<p>\t\t\t\t\t<a href=\"https:\/\/\/es\/horaires-acces\/tarifs-et-billets\/\"><br \/>\n\t\t\t\t\t\t\t\t\tReservar mi visita<br \/>\n\t\t\t\t\t<\/a><\/p>\n<p>El Castillo con comentarios<\/p>\n<p>Todos los d\u00edas, nuestros equipos de gu\u00edas ofrecen visitas guiadas gratuitas del castillo y sus jardines formales.\u00a0<\/p>\n<p>\t\t\t\t\t<a role=\"button\"><br \/>\n\t\t\t\t\t\t\t\t\tM\u00e1s informaci\u00f3n<br \/>\n\t\t\t\t\t<\/a><\/p>\n<p>Nuestras rutas<\/p>\n<p>Los pisos privados del Marqu\u00e9s, la sala de inmersi\u00f3n, las cocinas, descubre Hautefort como nunca lo has visto en 2025.\u00a0<\/p>\n<p>\t\t\t\t\t<a role=\"button\"><br \/>\n\t\t\t\t\t\t\t\t\tM\u00e1s informaci\u00f3n<br \/>\n\t\t\t\t\t<\/a><\/p>\n<p>Calendario de actos<\/p>\n<p>Descubra, comparta y viva la experiencia Hautefort. Participe en nuestros eventos nocturnos, talleres de horno de pan y cine, sin olvidar nuestras visitas guiadas.<\/p>\n<p>\t\t\t\t\t<a role=\"button\"><br \/>\n\t\t\t\t\t\t\t\t\tM\u00e1s informaci\u00f3n<br \/>\n\t\t\t\t\t<\/a><br \/>\n\t\t\t\t<svg aria-hidden=\"true\" viewbox=\"0 0 1000 1000\" xmlns=\"http:\/\/www.w3.org\/2000\/svg\"><path d=\"M646 125C629 125 613 133 604 142L308 442C296 454 292 471 292 487 292 504 296 521 308 533L604 854C617 867 629 875 646 875 663 875 679 871 692 858 704 846 713 829 713 812 713 796 708 779 692 767L438 487 692 225C700 217 708 204 708 187 708 171 704 154 692 142 675 129 663 125 646 125Z\"><\/path><\/svg><br \/>\n\t\t\t\t<svg aria-hidden=\"true\" viewbox=\"0 0 1000 1000\" xmlns=\"http:\/\/www.w3.org\/2000\/svg\"><path d=\"M696 533C708 521 713 504 713 487 713 471 708 454 696 446L400 146C388 133 375 125 354 125 338 125 325 129 313 142 300 154 292 171 292 187 292 204 296 221 308 233L563 492 304 771C292 783 288 800 288 817 288 833 296 850 308 863 321 871 338 875 354 875 371 875 388 867 400 854L696 533Z\"><\/path><\/svg>\t\t\t<\/p>\n<p>Entradas<\/p>\n<p>Reserve sus entradas en l\u00ednea para evitar esperas en taquilla y aproveche todas nuestras ofertas especiales<\/p>\n<p>\t\t\t\t\t<a href=\"https:\/\/\/es\/horaires-acces\/tarifs-et-billets\/\"><br \/>\n\t\t\t\t\t\t\t\t\tReservar mi visita<br \/>\n\t\t\t\t\t<\/a><\/p>\n<p>El Castillo con comentarios<\/p>\n<p>Todos los d\u00edas, nuestros equipos de gu\u00edas ofrecen visitas guiadas gratuitas del castillo y sus jardines formales.\u00a0<\/p>\n<p>\t\t\t\t\t<a role=\"button\"><br \/>\n\t\t\t\t\t\t\t\t\tM\u00e1s informaci\u00f3n<br \/>\n\t\t\t\t\t<\/a><\/p>\n<p>Nuestras rutas<\/p>\n<p>Los pisos privados del Marqu\u00e9s, la sala de inmersi\u00f3n, las cocinas, descubre Hautefort como nunca lo has visto en 2025.\u00a0<\/p>\n<p>\t\t\t\t\t<a role=\"button\"><br \/>\n\t\t\t\t\t\t\t\t\tM\u00e1s informaci\u00f3n<br \/>\n\t\t\t\t\t<\/a><\/p>\n<p>Calendario de actos<\/p>\n<p>Descubra, comparta y viva la experiencia Hautefort. Participe en nuestros eventos nocturnos, talleres de horno de pan y cine, sin olvidar nuestras visitas guiadas.<\/p>\n<p>\t\t\t\t\t<a role=\"button\"><br \/>\n\t\t\t\t\t\t\t\t\tM\u00e1s informaci\u00f3n<br \/>\n\t\t\t\t\t<\/a><\/p>","protected":false},"excerpt":{"rendered":"<p>El parque paisaj\u00edstico de estilo ingl\u00e9s del castillo Descubra uno de los parques m\u00e1s bellos que se pueden visitar en Dordogne El parque...<\/p>","protected":false},"author":7,"featured_media":0,"parent":7186,"menu_order":0,"comment_status":"closed","ping_status":"closed","template":"","meta":{"_acf_changed":false,"_kad_post_transparent":"","_kad_post_title":"","_kad_post_layout":"","_kad_post_sidebar_id":"","_kad_post_content_style":"","_kad_post_vertical_padding":"","_kad_post_feature":"","_kad_post_feature_position":"","_kad_post_header":false,"_kad_post_footer":false,"_kad_post_classname":"","footnotes":""},"class_list":["post-7234","page","type-page","status-publish","hentry"],"acf":[],"yoast_head":"<!-- This site is optimized with the Yoast SEO plugin v27.2 - https:\/\/yoast.com\/product\/yoast-seo-wordpress\/ -->\n<title>Notre parc paysager \u00e0 l&#039;anglaise - Ch\u00e2teau de Hautefort<\/title>\n<meta name=\"description\" content=\"D\u00e9couvrez le parc paysager du Ch\u00e2teau de Hautefort : jardins \u00e0 la fran\u00e7aise, promenades pittoresques et vues panoramiques sur le P\u00e9rigord.\" \/>\n<meta name=\"robots\" content=\"index, follow, max-snippet:-1, max-image-preview:large, max-video-preview:-1\" \/>\n<link rel=\"canonical\" href=\"https:\/\/chateau-hautefort.com\/es\/gracias_por_visitarnos\/el-antiguo-parque-ajardinado\/\" \/>\n<meta property=\"og:locale\" content=\"es_ES\" \/>\n<meta property=\"og:type\" content=\"article\" \/>\n<meta property=\"og:title\" content=\"Notre parc paysager \u00e0 l&#039;anglaise - Ch\u00e2teau de Hautefort\" \/>\n<meta property=\"og:description\" content=\"D\u00e9couvrez le parc paysager du Ch\u00e2teau de Hautefort : jardins \u00e0 la fran\u00e7aise, promenades pittoresques et vues panoramiques sur le P\u00e9rigord.\" \/>\n<meta property=\"og:url\" content=\"https:\/\/chateau-hautefort.com\/es\/gracias_por_visitarnos\/el-antiguo-parque-ajardinado\/\" \/>\n<meta property=\"og:site_name\" content=\"Ch\u00e2teau de Hautefort en Dordogne\" \/>\n<meta property=\"article:modified_time\" content=\"2026-03-02T15:25:30+00:00\" \/>\n<meta property=\"og:image\" content=\"https:\/\/chateau-hautefort.com\/wp-content\/uploads\/2025\/01\/parc-paysager-dordogne-perigord-1030x687.webp\" \/>\n<meta name=\"twitter:card\" content=\"summary_large_image\" \/>\n<meta name=\"twitter:label1\" content=\"Tiempo de lectura\" \/>\n\t<meta name=\"twitter:data1\" content=\"4 minutos\" \/>\n<script type=\"application\/ld+json\" class=\"yoast-schema-graph\">{\"@context\":\"https:\/\/schema.org\",\"@graph\":[{\"@type\":\"WebPage\",\"@id\":\"https:\/\/chateau-hautefort.com\/merci_de_votre_visite\/le-parc-paysager-old\/\",\"url\":\"https:\/\/chateau-hautefort.com\/merci_de_votre_visite\/le-parc-paysager-old\/\",\"name\":\"Notre parc paysager \u00e0 l'anglaise - Ch\u00e2teau de Hautefort\",\"isPartOf\":{\"@id\":\"https:\/\/slateblue-grasshopper-165957.hostingersite.com\/#website\"},\"primaryImageOfPage\":{\"@id\":\"https:\/\/chateau-hautefort.com\/merci_de_votre_visite\/le-parc-paysager-old\/#primaryimage\"},\"image\":{\"@id\":\"https:\/\/chateau-hautefort.com\/merci_de_votre_visite\/le-parc-paysager-old\/#primaryimage\"},\"thumbnailUrl\":\"https:\/\/chateau-hautefort.com\/wp-content\/uploads\/2025\/01\/parc-paysager-dordogne-perigord-1030x687.webp\",\"datePublished\":\"2024-07-18T15:06:27+00:00\",\"dateModified\":\"2026-03-02T15:25:30+00:00\",\"description\":\"D\u00e9couvrez le parc paysager du Ch\u00e2teau de Hautefort : jardins \u00e0 la fran\u00e7aise, promenades pittoresques et vues panoramiques sur le P\u00e9rigord.\",\"breadcrumb\":{\"@id\":\"https:\/\/chateau-hautefort.com\/merci_de_votre_visite\/le-parc-paysager-old\/#breadcrumb\"},\"inLanguage\":\"es\",\"potentialAction\":[{\"@type\":\"ReadAction\",\"target\":[\"https:\/\/chateau-hautefort.com\/merci_de_votre_visite\/le-parc-paysager-old\/\"]}]},{\"@type\":\"ImageObject\",\"inLanguage\":\"es\",\"@id\":\"https:\/\/chateau-hautefort.com\/merci_de_votre_visite\/le-parc-paysager-old\/#primaryimage\",\"url\":\"https:\/\/chateau-hautefort.com\/wp-content\/uploads\/2025\/01\/parc-paysager-dordogne-perigord-1030x687.webp\",\"contentUrl\":\"https:\/\/chateau-hautefort.com\/wp-content\/uploads\/2025\/01\/parc-paysager-dordogne-perigord-1030x687.webp\"},{\"@type\":\"BreadcrumbList\",\"@id\":\"https:\/\/chateau-hautefort.com\/merci_de_votre_visite\/le-parc-paysager-old\/#breadcrumb\",\"itemListElement\":[{\"@type\":\"ListItem\",\"position\":1,\"name\":\"Home\",\"item\":\"https:\/\/chateau-hautefort.com\/\"},{\"@type\":\"ListItem\",\"position\":2,\"name\":\"A bient\u00f4t !\",\"item\":\"https:\/\/chateau-hautefort.com\/merci_de_votre_visite\/\"},{\"@type\":\"ListItem\",\"position\":3,\"name\":\"Parc paysager du Ch\u00e2teau de Hautefort\"}]},{\"@type\":\"WebSite\",\"@id\":\"https:\/\/slateblue-grasshopper-165957.hostingersite.com\/#website\",\"url\":\"https:\/\/slateblue-grasshopper-165957.hostingersite.com\/\",\"name\":\"Ch\u00e2teau de Hautefort en Dordogne\",\"description\":\"Vivez la beaut\u00e9 !\",\"publisher\":{\"@id\":\"https:\/\/slateblue-grasshopper-165957.hostingersite.com\/#organization\"},\"potentialAction\":[{\"@type\":\"SearchAction\",\"target\":{\"@type\":\"EntryPoint\",\"urlTemplate\":\"https:\/\/slateblue-grasshopper-165957.hostingersite.com\/?s={search_term_string}\"},\"query-input\":{\"@type\":\"PropertyValueSpecification\",\"valueRequired\":true,\"valueName\":\"search_term_string\"}}],\"inLanguage\":\"es\"},{\"@type\":\"Organization\",\"@id\":\"https:\/\/slateblue-grasshopper-165957.hostingersite.com\/#organization\",\"name\":\"Ch\u00e2teau de Hautefort en Dordogne\",\"url\":\"https:\/\/slateblue-grasshopper-165957.hostingersite.com\/\",\"logo\":{\"@type\":\"ImageObject\",\"inLanguage\":\"es\",\"@id\":\"https:\/\/slateblue-grasshopper-165957.hostingersite.com\/#\/schema\/logo\/image\/\",\"url\":\"https:\/\/chateau-hautefort.com\/wp-content\/uploads\/2026\/02\/armoirie-blanche.webp\",\"contentUrl\":\"https:\/\/chateau-hautefort.com\/wp-content\/uploads\/2026\/02\/armoirie-blanche.webp\",\"width\":309,\"height\":249,\"caption\":\"Ch\u00e2teau de Hautefort en Dordogne\"},\"image\":{\"@id\":\"https:\/\/slateblue-grasshopper-165957.hostingersite.com\/#\/schema\/logo\/image\/\"}}]}<\/script>\n<!-- \/ Yoast SEO plugin. -->","yoast_head_json":{"title":"Nuestro parque paisaj\u00edstico de estilo ingl\u00e9s - Ch\u00e2teau de Hautefort","description":"Descubra el parque paisaj\u00edstico del castillo de Hautefort: jardines formales, paseos pintorescos y vistas panor\u00e1micas del P\u00e9rigord.","robots":{"index":"index","follow":"follow","max-snippet":"max-snippet:-1","max-image-preview":"max-image-preview:large","max-video-preview":"max-video-preview:-1"},"canonical":"https:\/\/chateau-hautefort.com\/es\/gracias_por_visitarnos\/el-antiguo-parque-ajardinado\/","og_locale":"es_ES","og_type":"article","og_title":"Notre parc paysager \u00e0 l'anglaise - Ch\u00e2teau de Hautefort","og_description":"D\u00e9couvrez le parc paysager du Ch\u00e2teau de Hautefort : jardins \u00e0 la fran\u00e7aise, promenades pittoresques et vues panoramiques sur le P\u00e9rigord.","og_url":"https:\/\/chateau-hautefort.com\/es\/gracias_por_visitarnos\/el-antiguo-parque-ajardinado\/","og_site_name":"Ch\u00e2teau de Hautefort en Dordogne","article_modified_time":"2026-03-02T15:25:30+00:00","og_image":[{"url":"https:\/\/chateau-hautefort.com\/wp-content\/uploads\/2025\/01\/parc-paysager-dordogne-perigord-1030x687.webp","type":"","width":"","height":""}],"twitter_card":"summary_large_image","twitter_misc":{"Tiempo de lectura":"4 minutos"},"schema":{"@context":"https:\/\/schema.org","@graph":[{"@type":"WebPage","@id":"https:\/\/chateau-hautefort.com\/merci_de_votre_visite\/le-parc-paysager-old\/","url":"https:\/\/chateau-hautefort.com\/merci_de_votre_visite\/le-parc-paysager-old\/","name":"Nuestro parque paisaj\u00edstico de estilo ingl\u00e9s - Ch\u00e2teau de Hautefort","isPartOf":{"@id":"https:\/\/slateblue-grasshopper-165957.hostingersite.com\/#website"},"primaryImageOfPage":{"@id":"https:\/\/chateau-hautefort.com\/merci_de_votre_visite\/le-parc-paysager-old\/#primaryimage"},"image":{"@id":"https:\/\/chateau-hautefort.com\/merci_de_votre_visite\/le-parc-paysager-old\/#primaryimage"},"thumbnailUrl":"https:\/\/chateau-hautefort.com\/wp-content\/uploads\/2025\/01\/parc-paysager-dordogne-perigord-1030x687.webp","datePublished":"2024-07-18T15:06:27+00:00","dateModified":"2026-03-02T15:25:30+00:00","description":"Descubra el parque paisaj\u00edstico del castillo de Hautefort: jardines formales, paseos pintorescos y vistas panor\u00e1micas del P\u00e9rigord.","breadcrumb":{"@id":"https:\/\/chateau-hautefort.com\/merci_de_votre_visite\/le-parc-paysager-old\/#breadcrumb"},"inLanguage":"es","potentialAction":[{"@type":"ReadAction","target":["https:\/\/chateau-hautefort.com\/merci_de_votre_visite\/le-parc-paysager-old\/"]}]},{"@type":"ImageObject","inLanguage":"es","@id":"https:\/\/chateau-hautefort.com\/merci_de_votre_visite\/le-parc-paysager-old\/#primaryimage","url":"https:\/\/chateau-hautefort.com\/wp-content\/uploads\/2025\/01\/parc-paysager-dordogne-perigord-1030x687.webp","contentUrl":"https:\/\/chateau-hautefort.com\/wp-content\/uploads\/2025\/01\/parc-paysager-dordogne-perigord-1030x687.webp"},{"@type":"BreadcrumbList","@id":"https:\/\/chateau-hautefort.com\/merci_de_votre_visite\/le-parc-paysager-old\/#breadcrumb","itemListElement":[{"@type":"ListItem","position":1,"name":"Home","item":"https:\/\/chateau-hautefort.com\/"},{"@type":"ListItem","position":2,"name":"A bient\u00f4t !","item":"https:\/\/chateau-hautefort.com\/merci_de_votre_visite\/"},{"@type":"ListItem","position":3,"name":"Parc paysager du Ch\u00e2teau de Hautefort"}]},{"@type":"WebSite","@id":"https:\/\/slateblue-grasshopper-165957.hostingersite.com\/#website","url":"https:\/\/slateblue-grasshopper-165957.hostingersite.com\/","name":"Castillo de Hautefort en Dordo\u00f1a","description":"Experimente la belleza","publisher":{"@id":"https:\/\/slateblue-grasshopper-165957.hostingersite.com\/#organization"},"potentialAction":[{"@type":"SearchAction","target":{"@type":"EntryPoint","urlTemplate":"https:\/\/slateblue-grasshopper-165957.hostingersite.com\/?s={search_term_string}"},"query-input":{"@type":"PropertyValueSpecification","valueRequired":true,"valueName":"search_term_string"}}],"inLanguage":"es"},{"@type":"Organization","@id":"https:\/\/slateblue-grasshopper-165957.hostingersite.com\/#organization","name":"Castillo de Hautefort en Dordo\u00f1a","url":"https:\/\/slateblue-grasshopper-165957.hostingersite.com\/","logo":{"@type":"ImageObject","inLanguage":"es","@id":"https:\/\/slateblue-grasshopper-165957.hostingersite.com\/#\/schema\/logo\/image\/","url":"https:\/\/chateau-hautefort.com\/wp-content\/uploads\/2026\/02\/armoirie-blanche.webp","contentUrl":"https:\/\/chateau-hautefort.com\/wp-content\/uploads\/2026\/02\/armoirie-blanche.webp","width":309,"height":249,"caption":"Ch\u00e2teau de Hautefort en Dordogne"},"image":{"@id":"https:\/\/slateblue-grasshopper-165957.hostingersite.com\/#\/schema\/logo\/image\/"}}]}},"_links":{"self":[{"href":"https:\/\/chateau-hautefort.com\/es\/wp-json\/wp\/v2\/pages\/7234","targetHints":{"allow":["GET"]}}],"collection":[{"href":"https:\/\/chateau-hautefort.com\/es\/wp-json\/wp\/v2\/pages"}],"about":[{"href":"https:\/\/chateau-hautefort.com\/es\/wp-json\/wp\/v2\/types\/page"}],"author":[{"embeddable":true,"href":"https:\/\/chateau-hautefort.com\/es\/wp-json\/wp\/v2\/users\/7"}],"replies":[{"embeddable":true,"href":"https:\/\/chateau-hautefort.com\/es\/wp-json\/wp\/v2\/comments?post=7234"}],"version-history":[{"count":1,"href":"https:\/\/chateau-hautefort.com\/es\/wp-json\/wp\/v2\/pages\/7234\/revisions"}],"predecessor-version":[{"id":18089,"href":"https:\/\/chateau-hautefort.com\/es\/wp-json\/wp\/v2\/pages\/7234\/revisions\/18089"}],"up":[{"embeddable":true,"href":"https:\/\/chateau-hautefort.com\/es\/wp-json\/wp\/v2\/pages\/7186"}],"wp:attachment":[{"href":"https:\/\/chateau-hautefort.com\/es\/wp-json\/wp\/v2\/media?parent=7234"}],"curies":[{"name":"wp","href":"https:\/\/api.w.org\/{rel}","templated":true}]}}