{"id":13196,"date":"2024-08-22T22:31:50","date_gmt":"2024-08-22T20:31:50","guid":{"rendered":"https:\/?page_id=13196"},"modified":"2025-11-07T09:34:16","modified_gmt":"2025-11-07T09:34:16","slug":"discover-the-chateau-de-hautefort-2","status":"publish","type":"page","link":"https:\/\/chateau-hautefort.com\/en\/decouvrez-le-chateau-de-hautefort-2\/","title":{"rendered":"Discover Hautefort Castle"},"content":{"rendered":"","protected":false},"excerpt":{"rendered":"","protected":false},"author":7,"featured_media":106,"parent":0,"menu_order":0,"comment_status":"closed","ping_status":"closed","template":"","meta":{"_acf_changed":false,"_kad_post_transparent":"","_kad_post_title":"","_kad_post_layout":"","_kad_post_sidebar_id":"","_kad_post_content_style":"","_kad_post_vertical_padding":"","_kad_post_feature":"","_kad_post_feature_position":"","_kad_post_header":false,"_kad_post_footer":false,"_kad_post_classname":"","footnotes":""},"class_list":["post-13196","page","type-page","status-publish","has-post-thumbnail","hentry"],"acf":[],"yoast_head":"<!-- This site is optimized with the Yoast SEO plugin v27.2 - https:\/\/yoast.com\/product\/yoast-seo-wordpress\/ -->\n<title>D\u00e9couvrez le ch\u00e2teau de Hautefort en Dordogne<\/title>\n<meta name=\"description\" content=\"Visitez le ch\u00e2teau de Hautefort, le Versailles du P\u00e9rigord, et plongez dans l&#039;histoire \u00e0 travers ses jardins et int\u00e9rieurs somptueux.\" \/>\n<meta name=\"robots\" content=\"index, follow, max-snippet:-1, max-image-preview:large, max-video-preview:-1\" \/>\n<link rel=\"canonical\" href=\"https:\/\/chateau-hautefort.com\/en\/discover-the-chateau-de-hautefort-2\/\" \/>\n<meta property=\"og:locale\" content=\"en_GB\" \/>\n<meta property=\"og:type\" content=\"article\" \/>\n<meta property=\"og:title\" content=\"D\u00e9couvrez le ch\u00e2teau de Hautefort en Dordogne\" \/>\n<meta property=\"og:description\" content=\"Visitez le ch\u00e2teau de Hautefort, le Versailles du P\u00e9rigord, et plongez dans l&#039;histoire \u00e0 travers ses jardins et int\u00e9rieurs somptueux.\" \/>\n<meta property=\"og:url\" content=\"https:\/\/chateau-hautefort.com\/en\/discover-the-chateau-de-hautefort-2\/\" \/>\n<meta property=\"og:site_name\" content=\"Ch\u00e2teau de Hautefort en Dordogne\" \/>\n<meta property=\"article:modified_time\" content=\"2025-11-07T09:34:16+00:00\" \/>\n<meta property=\"og:image\" content=\"https:\/\/slateblue-grasshopper-165957.hostingersite.com\/wp-content\/uploads\/2025\/03\/chateau-de-hautefor_accueil.webp\" \/>\n\t<meta property=\"og:image:width\" content=\"1900\" \/>\n\t<meta property=\"og:image:height\" content=\"748\" \/>\n\t<meta property=\"og:image:type\" content=\"image\/webp\" \/>\n<meta name=\"twitter:card\" content=\"summary_large_image\" \/>\n<meta name=\"twitter:label1\" content=\"Estimated reading time\" \/>\n\t<meta name=\"twitter:data1\" content=\"1 minute\" \/>\n<script type=\"application\/ld+json\" class=\"yoast-schema-graph\">{\"@context\":\"https:\/\/schema.org\",\"@graph\":[{\"@type\":\"WebPage\",\"@id\":\"https:\/\/chateau-hautefort.com\/decouvrez-le-chateau-de-hautefort-2\/\",\"url\":\"https:\/\/chateau-hautefort.com\/decouvrez-le-chateau-de-hautefort-2\/\",\"name\":\"D\u00e9couvrez le ch\u00e2teau de Hautefort en Dordogne\",\"isPartOf\":{\"@id\":\"https:\/\/slateblue-grasshopper-165957.hostingersite.com\/#website\"},\"primaryImageOfPage\":{\"@id\":\"https:\/\/chateau-hautefort.com\/decouvrez-le-chateau-de-hautefort-2\/#primaryimage\"},\"image\":{\"@id\":\"https:\/\/chateau-hautefort.com\/decouvrez-le-chateau-de-hautefort-2\/#primaryimage\"},\"thumbnailUrl\":\"https:\/\/chateau-hautefort.com\/wp-content\/uploads\/2025\/03\/chateau-de-hautefor_accueil.webp\",\"datePublished\":\"2024-08-22T20:31:50+00:00\",\"dateModified\":\"2025-11-07T09:34:16+00:00\",\"description\":\"Visitez le ch\u00e2teau de Hautefort, le Versailles du P\u00e9rigord, et plongez dans l'histoire \u00e0 travers ses jardins et int\u00e9rieurs somptueux.\",\"breadcrumb\":{\"@id\":\"https:\/\/chateau-hautefort.com\/decouvrez-le-chateau-de-hautefort-2\/#breadcrumb\"},\"inLanguage\":\"en-GB\",\"potentialAction\":[{\"@type\":\"ReadAction\",\"target\":[\"https:\/\/chateau-hautefort.com\/decouvrez-le-chateau-de-hautefort-2\/\"]}]},{\"@type\":\"ImageObject\",\"inLanguage\":\"en-GB\",\"@id\":\"https:\/\/chateau-hautefort.com\/decouvrez-le-chateau-de-hautefort-2\/#primaryimage\",\"url\":\"https:\/\/chateau-hautefort.com\/wp-content\/uploads\/2025\/03\/chateau-de-hautefor_accueil.webp\",\"contentUrl\":\"https:\/\/chateau-hautefort.com\/wp-content\/uploads\/2025\/03\/chateau-de-hautefor_accueil.webp\",\"width\":1900,\"height\":748},{\"@type\":\"BreadcrumbList\",\"@id\":\"https:\/\/chateau-hautefort.com\/decouvrez-le-chateau-de-hautefort-2\/#breadcrumb\",\"itemListElement\":[{\"@type\":\"ListItem\",\"position\":1,\"name\":\"Home\",\"item\":\"https:\/\/chateau-hautefort.com\/\"},{\"@type\":\"ListItem\",\"position\":2,\"name\":\"D\u00e9couvrez le ch\u00e2teau de Hautefort\"}]},{\"@type\":\"WebSite\",\"@id\":\"https:\/\/slateblue-grasshopper-165957.hostingersite.com\/#website\",\"url\":\"https:\/\/slateblue-grasshopper-165957.hostingersite.com\/\",\"name\":\"Ch\u00e2teau de Hautefort en Dordogne\",\"description\":\"Vivez la beaut\u00e9 !\",\"publisher\":{\"@id\":\"https:\/\/slateblue-grasshopper-165957.hostingersite.com\/#organization\"},\"potentialAction\":[{\"@type\":\"SearchAction\",\"target\":{\"@type\":\"EntryPoint\",\"urlTemplate\":\"https:\/\/slateblue-grasshopper-165957.hostingersite.com\/?s={search_term_string}\"},\"query-input\":{\"@type\":\"PropertyValueSpecification\",\"valueRequired\":true,\"valueName\":\"search_term_string\"}}],\"inLanguage\":\"en-GB\"},{\"@type\":\"Organization\",\"@id\":\"https:\/\/slateblue-grasshopper-165957.hostingersite.com\/#organization\",\"name\":\"Ch\u00e2teau de Hautefort en Dordogne\",\"url\":\"https:\/\/slateblue-grasshopper-165957.hostingersite.com\/\",\"logo\":{\"@type\":\"ImageObject\",\"inLanguage\":\"en-GB\",\"@id\":\"https:\/\/slateblue-grasshopper-165957.hostingersite.com\/#\/schema\/logo\/image\/\",\"url\":\"https:\/\/chateau-hautefort.com\/wp-content\/uploads\/2026\/02\/armoirie-blanche.webp\",\"contentUrl\":\"https:\/\/chateau-hautefort.com\/wp-content\/uploads\/2026\/02\/armoirie-blanche.webp\",\"width\":309,\"height\":249,\"caption\":\"Ch\u00e2teau de Hautefort en Dordogne\"},\"image\":{\"@id\":\"https:\/\/slateblue-grasshopper-165957.hostingersite.com\/#\/schema\/logo\/image\/\"}}]}<\/script>\n<!-- \/ Yoast SEO plugin. -->","yoast_head_json":{"title":"Discover Hautefort Castle in the Dordogne","description":"Visit Ch\u00e2teau de Hautefort, the Versailles of P\u00e9rigord, and immerse yourself in history through its sumptuous gardens and interiors.","robots":{"index":"index","follow":"follow","max-snippet":"max-snippet:-1","max-image-preview":"max-image-preview:large","max-video-preview":"max-video-preview:-1"},"canonical":"https:\/\/chateau-hautefort.com\/en\/discover-the-chateau-de-hautefort-2\/","og_locale":"en_GB","og_type":"article","og_title":"D\u00e9couvrez le ch\u00e2teau de Hautefort en Dordogne","og_description":"Visitez le ch\u00e2teau de Hautefort, le Versailles du P\u00e9rigord, et plongez dans l'histoire \u00e0 travers ses jardins et int\u00e9rieurs somptueux.","og_url":"https:\/\/chateau-hautefort.com\/en\/discover-the-chateau-de-hautefort-2\/","og_site_name":"Ch\u00e2teau de Hautefort en Dordogne","article_modified_time":"2025-11-07T09:34:16+00:00","og_image":[{"width":1900,"height":748,"url":"https:\/\/slateblue-grasshopper-165957.hostingersite.com\/wp-content\/uploads\/2025\/03\/chateau-de-hautefor_accueil.webp","type":"image\/webp"}],"twitter_card":"summary_large_image","twitter_misc":{"Estimated reading time":"1 minute"},"schema":{"@context":"https:\/\/schema.org","@graph":[{"@type":"WebPage","@id":"https:\/\/chateau-hautefort.com\/decouvrez-le-chateau-de-hautefort-2\/","url":"https:\/\/chateau-hautefort.com\/decouvrez-le-chateau-de-hautefort-2\/","name":"Discover Hautefort Castle in the Dordogne","isPartOf":{"@id":"https:\/\/slateblue-grasshopper-165957.hostingersite.com\/#website"},"primaryImageOfPage":{"@id":"https:\/\/chateau-hautefort.com\/decouvrez-le-chateau-de-hautefort-2\/#primaryimage"},"image":{"@id":"https:\/\/chateau-hautefort.com\/decouvrez-le-chateau-de-hautefort-2\/#primaryimage"},"thumbnailUrl":"https:\/\/chateau-hautefort.com\/wp-content\/uploads\/2025\/03\/chateau-de-hautefor_accueil.webp","datePublished":"2024-08-22T20:31:50+00:00","dateModified":"2025-11-07T09:34:16+00:00","description":"Visit Ch\u00e2teau de Hautefort, the Versailles of P\u00e9rigord, and immerse yourself in history through its sumptuous gardens and interiors.","breadcrumb":{"@id":"https:\/\/chateau-hautefort.com\/decouvrez-le-chateau-de-hautefort-2\/#breadcrumb"},"inLanguage":"en-GB","potentialAction":[{"@type":"ReadAction","target":["https:\/\/chateau-hautefort.com\/decouvrez-le-chateau-de-hautefort-2\/"]}]},{"@type":"ImageObject","inLanguage":"en-GB","@id":"https:\/\/chateau-hautefort.com\/decouvrez-le-chateau-de-hautefort-2\/#primaryimage","url":"https:\/\/chateau-hautefort.com\/wp-content\/uploads\/2025\/03\/chateau-de-hautefor_accueil.webp","contentUrl":"https:\/\/chateau-hautefort.com\/wp-content\/uploads\/2025\/03\/chateau-de-hautefor_accueil.webp","width":1900,"height":748},{"@type":"BreadcrumbList","@id":"https:\/\/chateau-hautefort.com\/decouvrez-le-chateau-de-hautefort-2\/#breadcrumb","itemListElement":[{"@type":"ListItem","position":1,"name":"Home","item":"https:\/\/chateau-hautefort.com\/"},{"@type":"ListItem","position":2,"name":"D\u00e9couvrez le ch\u00e2teau de Hautefort"}]},{"@type":"WebSite","@id":"https:\/\/slateblue-grasshopper-165957.hostingersite.com\/#website","url":"https:\/\/slateblue-grasshopper-165957.hostingersite.com\/","name":"Ch\u00e2teau de Hautefort in the Dordogne","description":"Experience beauty!","publisher":{"@id":"https:\/\/slateblue-grasshopper-165957.hostingersite.com\/#organization"},"potentialAction":[{"@type":"SearchAction","target":{"@type":"EntryPoint","urlTemplate":"https:\/\/slateblue-grasshopper-165957.hostingersite.com\/?s={search_term_string}"},"query-input":{"@type":"PropertyValueSpecification","valueRequired":true,"valueName":"search_term_string"}}],"inLanguage":"en-GB"},{"@type":"Organization","@id":"https:\/\/slateblue-grasshopper-165957.hostingersite.com\/#organization","name":"Ch\u00e2teau de Hautefort in the Dordogne","url":"https:\/\/slateblue-grasshopper-165957.hostingersite.com\/","logo":{"@type":"ImageObject","inLanguage":"en-GB","@id":"https:\/\/slateblue-grasshopper-165957.hostingersite.com\/#\/schema\/logo\/image\/","url":"https:\/\/chateau-hautefort.com\/wp-content\/uploads\/2026\/02\/armoirie-blanche.webp","contentUrl":"https:\/\/chateau-hautefort.com\/wp-content\/uploads\/2026\/02\/armoirie-blanche.webp","width":309,"height":249,"caption":"Ch\u00e2teau de Hautefort en Dordogne"},"image":{"@id":"https:\/\/slateblue-grasshopper-165957.hostingersite.com\/#\/schema\/logo\/image\/"}}]}},"_links":{"self":[{"href":"https:\/\/chateau-hautefort.com\/en\/wp-json\/wp\/v2\/pages\/13196","targetHints":{"allow":["GET"]}}],"collection":[{"href":"https:\/\/chateau-hautefort.com\/en\/wp-json\/wp\/v2\/pages"}],"about":[{"href":"https:\/\/chateau-hautefort.com\/en\/wp-json\/wp\/v2\/types\/page"}],"author":[{"embeddable":true,"href":"https:\/\/chateau-hautefort.com\/en\/wp-json\/wp\/v2\/users\/7"}],"replies":[{"embeddable":true,"href":"https:\/\/chateau-hautefort.com\/en\/wp-json\/wp\/v2\/comments?post=13196"}],"version-history":[{"count":30,"href":"https:\/\/chateau-hautefort.com\/en\/wp-json\/wp\/v2\/pages\/13196\/revisions"}],"predecessor-version":[{"id":18658,"href":"https:\/\/chateau-hautefort.com\/en\/wp-json\/wp\/v2\/pages\/13196\/revisions\/18658"}],"wp:featuredmedia":[{"embeddable":true,"href":"https:\/\/chateau-hautefort.com\/en\/wp-json\/wp\/v2\/media\/106"}],"wp:attachment":[{"href":"https:\/\/chateau-hautefort.com\/en\/wp-json\/wp\/v2\/media?parent=13196"}],"curies":[{"name":"wp","href":"https:\/\/api.w.org\/{rel}","templated":true}]}}