{"id":10912,"date":"2024-08-08T22:41:53","date_gmt":"2024-08-08T20:41:53","guid":{"rendered":"https:\/?page_id=10912"},"modified":"2026-03-02T15:19:31","modified_gmt":"2026-03-02T15:19:31","slug":"fares-and-tickets-old","status":"publish","type":"page","link":"https:\/\/chateau-hautefort.com\/en\/horaires-acces-old\/tarifs-et-billets-old\/","title":{"rendered":"Prices and ticketing"},"content":{"rendered":"","protected":false},"excerpt":{"rendered":"","protected":false},"author":7,"featured_media":16796,"parent":6933,"menu_order":0,"comment_status":"closed","ping_status":"closed","template":"","meta":{"_acf_changed":false,"_kad_post_transparent":"","_kad_post_title":"","_kad_post_layout":"","_kad_post_sidebar_id":"","_kad_post_content_style":"","_kad_post_vertical_padding":"","_kad_post_feature":"","_kad_post_feature_position":"","_kad_post_header":false,"_kad_post_footer":false,"_kad_post_classname":"","footnotes":""},"class_list":["post-10912","page","type-page","status-publish","has-post-thumbnail","hentry"],"acf":[],"yoast_head":"<!-- This site is optimized with the Yoast SEO plugin v27.2 - https:\/\/yoast.com\/product\/yoast-seo-wordpress\/ -->\n<title>Tarifs et billetterie - Ch\u00e2teau de Hautefort en Dordogne<\/title>\n<meta name=\"description\" content=\"Consultez les tarifs et r\u00e9servez vos billets pour visiter le Ch\u00e2teau de Hautefort. Profitez de nos offres et planifiez votre visite.\" \/>\n<meta name=\"robots\" content=\"index, follow, max-snippet:-1, max-image-preview:large, max-video-preview:-1\" \/>\n<link rel=\"canonical\" href=\"https:\/\/chateau-hautefort.com\/en\/opening-hours-old-access\/fares-and-tickets-old\/\" \/>\n<meta property=\"og:locale\" content=\"en_GB\" \/>\n<meta property=\"og:type\" content=\"article\" \/>\n<meta property=\"og:title\" content=\"Tarifs et billetterie - Ch\u00e2teau de Hautefort en Dordogne\" \/>\n<meta property=\"og:description\" content=\"Consultez les tarifs et r\u00e9servez vos billets pour visiter le Ch\u00e2teau de Hautefort. Profitez de nos offres et planifiez votre visite.\" \/>\n<meta property=\"og:url\" content=\"https:\/\/chateau-hautefort.com\/en\/opening-hours-old-access\/fares-and-tickets-old\/\" \/>\n<meta property=\"og:site_name\" content=\"Ch\u00e2teau de Hautefort en Dordogne\" \/>\n<meta property=\"article:modified_time\" content=\"2026-03-02T15:19:31+00:00\" \/>\n<meta property=\"og:image\" content=\"https:\/\/chateau-hautefort.com\/wp-content\/uploads\/2025\/04\/chateau_hautefort_tarifs.webp\" \/>\n\t<meta property=\"og:image:width\" content=\"1600\" \/>\n\t<meta property=\"og:image:height\" content=\"450\" \/>\n\t<meta property=\"og:image:type\" content=\"image\/webp\" \/>\n<meta name=\"twitter:card\" content=\"summary_large_image\" \/>\n<meta name=\"twitter:label1\" content=\"Estimated reading time\" \/>\n\t<meta name=\"twitter:data1\" content=\"1 minute\" \/>\n<script type=\"application\/ld+json\" class=\"yoast-schema-graph\">{\"@context\":\"https:\/\/schema.org\",\"@graph\":[{\"@type\":\"WebPage\",\"@id\":\"https:\/\/chateau-hautefort.com\/horaires-acces-old\/tarifs-et-billets-old\/\",\"url\":\"https:\/\/chateau-hautefort.com\/horaires-acces-old\/tarifs-et-billets-old\/\",\"name\":\"Tarifs et billetterie - Ch\u00e2teau de Hautefort en Dordogne\",\"isPartOf\":{\"@id\":\"https:\/\/slateblue-grasshopper-165957.hostingersite.com\/#website\"},\"primaryImageOfPage\":{\"@id\":\"https:\/\/chateau-hautefort.com\/horaires-acces-old\/tarifs-et-billets-old\/#primaryimage\"},\"image\":{\"@id\":\"https:\/\/chateau-hautefort.com\/horaires-acces-old\/tarifs-et-billets-old\/#primaryimage\"},\"thumbnailUrl\":\"https:\/\/chateau-hautefort.com\/wp-content\/uploads\/2025\/04\/chateau_hautefort_tarifs.webp\",\"datePublished\":\"2024-08-08T20:41:53+00:00\",\"dateModified\":\"2026-03-02T15:19:31+00:00\",\"description\":\"Consultez les tarifs et r\u00e9servez vos billets pour visiter le Ch\u00e2teau de Hautefort. Profitez de nos offres et planifiez votre visite.\",\"breadcrumb\":{\"@id\":\"https:\/\/chateau-hautefort.com\/horaires-acces-old\/tarifs-et-billets-old\/#breadcrumb\"},\"inLanguage\":\"en-GB\",\"potentialAction\":[{\"@type\":\"ReadAction\",\"target\":[\"https:\/\/chateau-hautefort.com\/horaires-acces-old\/tarifs-et-billets-old\/\"]}]},{\"@type\":\"ImageObject\",\"inLanguage\":\"en-GB\",\"@id\":\"https:\/\/chateau-hautefort.com\/horaires-acces-old\/tarifs-et-billets-old\/#primaryimage\",\"url\":\"https:\/\/chateau-hautefort.com\/wp-content\/uploads\/2025\/04\/chateau_hautefort_tarifs.webp\",\"contentUrl\":\"https:\/\/chateau-hautefort.com\/wp-content\/uploads\/2025\/04\/chateau_hautefort_tarifs.webp\",\"width\":1600,\"height\":450,\"caption\":\"tarif et billet d'acc\u00e8s au Chateau de Hautefort\"},{\"@type\":\"BreadcrumbList\",\"@id\":\"https:\/\/chateau-hautefort.com\/horaires-acces-old\/tarifs-et-billets-old\/#breadcrumb\",\"itemListElement\":[{\"@type\":\"ListItem\",\"position\":1,\"name\":\"Home\",\"item\":\"https:\/\/chateau-hautefort.com\/\"},{\"@type\":\"ListItem\",\"position\":2,\"name\":\"Horaires &#038; acc\u00e8s old\",\"item\":\"https:\/\/chateau-hautefort.com\/horaires-acces-old\/\"},{\"@type\":\"ListItem\",\"position\":3,\"name\":\"Tarifs et billetterie\"}]},{\"@type\":\"WebSite\",\"@id\":\"https:\/\/slateblue-grasshopper-165957.hostingersite.com\/#website\",\"url\":\"https:\/\/slateblue-grasshopper-165957.hostingersite.com\/\",\"name\":\"Ch\u00e2teau de Hautefort en Dordogne\",\"description\":\"Vivez la beaut\u00e9 !\",\"publisher\":{\"@id\":\"https:\/\/slateblue-grasshopper-165957.hostingersite.com\/#organization\"},\"potentialAction\":[{\"@type\":\"SearchAction\",\"target\":{\"@type\":\"EntryPoint\",\"urlTemplate\":\"https:\/\/slateblue-grasshopper-165957.hostingersite.com\/?s={search_term_string}\"},\"query-input\":{\"@type\":\"PropertyValueSpecification\",\"valueRequired\":true,\"valueName\":\"search_term_string\"}}],\"inLanguage\":\"en-GB\"},{\"@type\":\"Organization\",\"@id\":\"https:\/\/slateblue-grasshopper-165957.hostingersite.com\/#organization\",\"name\":\"Ch\u00e2teau de Hautefort en Dordogne\",\"url\":\"https:\/\/slateblue-grasshopper-165957.hostingersite.com\/\",\"logo\":{\"@type\":\"ImageObject\",\"inLanguage\":\"en-GB\",\"@id\":\"https:\/\/slateblue-grasshopper-165957.hostingersite.com\/#\/schema\/logo\/image\/\",\"url\":\"https:\/\/chateau-hautefort.com\/wp-content\/uploads\/2026\/02\/armoirie-blanche.webp\",\"contentUrl\":\"https:\/\/chateau-hautefort.com\/wp-content\/uploads\/2026\/02\/armoirie-blanche.webp\",\"width\":309,\"height\":249,\"caption\":\"Ch\u00e2teau de Hautefort en Dordogne\"},\"image\":{\"@id\":\"https:\/\/slateblue-grasshopper-165957.hostingersite.com\/#\/schema\/logo\/image\/\"}}]}<\/script>\n<!-- \/ Yoast SEO plugin. -->","yoast_head_json":{"title":"Prices and tickets - Ch\u00e2teau de Hautefort in the Dordogne","description":"Check prices and book your tickets to visit Hautefort Castle. Take advantage of our offers and plan your visit.","robots":{"index":"index","follow":"follow","max-snippet":"max-snippet:-1","max-image-preview":"max-image-preview:large","max-video-preview":"max-video-preview:-1"},"canonical":"https:\/\/chateau-hautefort.com\/en\/opening-hours-old-access\/fares-and-tickets-old\/","og_locale":"en_GB","og_type":"article","og_title":"Tarifs et billetterie - Ch\u00e2teau de Hautefort en Dordogne","og_description":"Consultez les tarifs et r\u00e9servez vos billets pour visiter le Ch\u00e2teau de Hautefort. Profitez de nos offres et planifiez votre visite.","og_url":"https:\/\/chateau-hautefort.com\/en\/opening-hours-old-access\/fares-and-tickets-old\/","og_site_name":"Ch\u00e2teau de Hautefort en Dordogne","article_modified_time":"2026-03-02T15:19:31+00:00","og_image":[{"width":1600,"height":450,"url":"https:\/\/chateau-hautefort.com\/wp-content\/uploads\/2025\/04\/chateau_hautefort_tarifs.webp","type":"image\/webp"}],"twitter_card":"summary_large_image","twitter_misc":{"Estimated reading time":"1 minute"},"schema":{"@context":"https:\/\/schema.org","@graph":[{"@type":"WebPage","@id":"https:\/\/chateau-hautefort.com\/horaires-acces-old\/tarifs-et-billets-old\/","url":"https:\/\/chateau-hautefort.com\/horaires-acces-old\/tarifs-et-billets-old\/","name":"Prices and tickets - Ch\u00e2teau de Hautefort in the Dordogne","isPartOf":{"@id":"https:\/\/slateblue-grasshopper-165957.hostingersite.com\/#website"},"primaryImageOfPage":{"@id":"https:\/\/chateau-hautefort.com\/horaires-acces-old\/tarifs-et-billets-old\/#primaryimage"},"image":{"@id":"https:\/\/chateau-hautefort.com\/horaires-acces-old\/tarifs-et-billets-old\/#primaryimage"},"thumbnailUrl":"https:\/\/chateau-hautefort.com\/wp-content\/uploads\/2025\/04\/chateau_hautefort_tarifs.webp","datePublished":"2024-08-08T20:41:53+00:00","dateModified":"2026-03-02T15:19:31+00:00","description":"Check prices and book your tickets to visit Hautefort Castle. Take advantage of our offers and plan your visit.","breadcrumb":{"@id":"https:\/\/chateau-hautefort.com\/horaires-acces-old\/tarifs-et-billets-old\/#breadcrumb"},"inLanguage":"en-GB","potentialAction":[{"@type":"ReadAction","target":["https:\/\/chateau-hautefort.com\/horaires-acces-old\/tarifs-et-billets-old\/"]}]},{"@type":"ImageObject","inLanguage":"en-GB","@id":"https:\/\/chateau-hautefort.com\/horaires-acces-old\/tarifs-et-billets-old\/#primaryimage","url":"https:\/\/chateau-hautefort.com\/wp-content\/uploads\/2025\/04\/chateau_hautefort_tarifs.webp","contentUrl":"https:\/\/chateau-hautefort.com\/wp-content\/uploads\/2025\/04\/chateau_hautefort_tarifs.webp","width":1600,"height":450,"caption":"tarif et billet d'acc\u00e8s au Chateau de Hautefort"},{"@type":"BreadcrumbList","@id":"https:\/\/chateau-hautefort.com\/horaires-acces-old\/tarifs-et-billets-old\/#breadcrumb","itemListElement":[{"@type":"ListItem","position":1,"name":"Home","item":"https:\/\/chateau-hautefort.com\/"},{"@type":"ListItem","position":2,"name":"Horaires &#038; acc\u00e8s old","item":"https:\/\/chateau-hautefort.com\/horaires-acces-old\/"},{"@type":"ListItem","position":3,"name":"Tarifs et billetterie"}]},{"@type":"WebSite","@id":"https:\/\/slateblue-grasshopper-165957.hostingersite.com\/#website","url":"https:\/\/slateblue-grasshopper-165957.hostingersite.com\/","name":"Ch\u00e2teau de Hautefort in the Dordogne","description":"Experience beauty!","publisher":{"@id":"https:\/\/slateblue-grasshopper-165957.hostingersite.com\/#organization"},"potentialAction":[{"@type":"SearchAction","target":{"@type":"EntryPoint","urlTemplate":"https:\/\/slateblue-grasshopper-165957.hostingersite.com\/?s={search_term_string}"},"query-input":{"@type":"PropertyValueSpecification","valueRequired":true,"valueName":"search_term_string"}}],"inLanguage":"en-GB"},{"@type":"Organization","@id":"https:\/\/slateblue-grasshopper-165957.hostingersite.com\/#organization","name":"Ch\u00e2teau de Hautefort in the Dordogne","url":"https:\/\/slateblue-grasshopper-165957.hostingersite.com\/","logo":{"@type":"ImageObject","inLanguage":"en-GB","@id":"https:\/\/slateblue-grasshopper-165957.hostingersite.com\/#\/schema\/logo\/image\/","url":"https:\/\/chateau-hautefort.com\/wp-content\/uploads\/2026\/02\/armoirie-blanche.webp","contentUrl":"https:\/\/chateau-hautefort.com\/wp-content\/uploads\/2026\/02\/armoirie-blanche.webp","width":309,"height":249,"caption":"Ch\u00e2teau de Hautefort en Dordogne"},"image":{"@id":"https:\/\/slateblue-grasshopper-165957.hostingersite.com\/#\/schema\/logo\/image\/"}}]}},"_links":{"self":[{"href":"https:\/\/chateau-hautefort.com\/en\/wp-json\/wp\/v2\/pages\/10912","targetHints":{"allow":["GET"]}}],"collection":[{"href":"https:\/\/chateau-hautefort.com\/en\/wp-json\/wp\/v2\/pages"}],"about":[{"href":"https:\/\/chateau-hautefort.com\/en\/wp-json\/wp\/v2\/types\/page"}],"author":[{"embeddable":true,"href":"https:\/\/chateau-hautefort.com\/en\/wp-json\/wp\/v2\/users\/7"}],"replies":[{"embeddable":true,"href":"https:\/\/chateau-hautefort.com\/en\/wp-json\/wp\/v2\/comments?post=10912"}],"version-history":[{"count":9,"href":"https:\/\/chateau-hautefort.com\/en\/wp-json\/wp\/v2\/pages\/10912\/revisions"}],"predecessor-version":[{"id":18168,"href":"https:\/\/chateau-hautefort.com\/en\/wp-json\/wp\/v2\/pages\/10912\/revisions\/18168"}],"up":[{"embeddable":true,"href":"https:\/\/chateau-hautefort.com\/en\/wp-json\/wp\/v2\/pages\/6933"}],"wp:featuredmedia":[{"embeddable":true,"href":"https:\/\/chateau-hautefort.com\/en\/wp-json\/wp\/v2\/media\/16796"}],"wp:attachment":[{"href":"https:\/\/chateau-hautefort.com\/en\/wp-json\/wp\/v2\/media?parent=10912"}],"curies":[{"name":"wp","href":"https:\/\/api.w.org\/{rel}","templated":true}]}}